{"id":16,"date":"2016-12-16T09:24:52","date_gmt":"2016-12-16T08:24:52","guid":{"rendered":"https:\/\/italian-mosaics.com\/?page_id=16"},"modified":"2017-04-18T14:11:32","modified_gmt":"2017-04-18T12:11:32","slug":"earring-and-bangles","status":"publish","type":"page","link":"https:\/\/italian-mosaics.com\/it\/articoli\/orecchini-e-bracciali\/","title":{"rendered":"Orecchini &#038; Bracciali"},"content":{"rendered":"<section class=\"wpb-content-wrapper\"><p>27B \u2013 braccialetto a cuore argentato in colore rosso con fiori miosotis rosa angelo. (cm. 19,5) <\/span> <\/span> <\/a> <div class=\"overlay-content\"> <div class=\"overlay-content-center\"> <div class=\"overlay-content-inner\"> <a href=\"https:\/\/italian-mosaics.com\/wp-content\/uploads\/2017\/03\/orecchini_f_02.jpg\" class=\"icon photo \" > <\/a> <div class=\"title\"> 27B \u2013 braccialetto a cuore argentato in colore rosso con fiori miosotis rosa angelo. (cm. 19,5) <\/div> <\/div> <\/div> <\/div> <\/div> <\/div> <\/div>\n<\/li> <li class=\"gallery-item col-lg-3 col-md-3 col-sm-4 col-xs-6 post-16 page type-page status-publish hentry\"> <div class=\"wrap \"> <div class=\"overlay-wrap\"> <div class=\"image-wrap \"> <img src=\"https:\/\/italian-mosaics.com\/wp-content\/uploads\/2017\/03\/orecchini_f_03-scalia-gallery-justified.jpg\" width=\"440\" height=\"400\" alt=\"\"> <\/div> <div class=\"overlay \"> <a href=\"https:\/\/italian-mosaics.com\/wp-content\/uploads\/2017\/03\/orecchini_f_03.jpg\" class=\"gallery-item-link fancy-gallery\" rel=\"gallery-69e61538694b2\"> <span class=\"slide-info\"> <span class=\"slide-info-title\"> 040C \u2013 orecchini chiodino ovali con pendente goccia con colori di base bianco e fiori miosotis rosa (cm. 4X1,3) <\/span> <\/span> <\/a> <div class=\"overlay-content\"> <div class=\"overlay-content-center\"> <div class=\"overlay-content-inner\"> <a href=\"https:\/\/italian-mosaics.com\/wp-content\/uploads\/2017\/03\/orecchini_f_03.jpg\" class=\"icon photo \" > <\/a> <div class=\"title\"> 040C \u2013 orecchini chiodino ovali con pendente goccia con colori di base bianco e fiori miosotis rosa (cm. 4X1,3) <\/div> <\/div> <\/div> <\/div> <\/div> <\/div> <\/div>\n<\/li> <li class=\"gallery-item col-lg-3 col-md-3 col-sm-4 col-xs-6 post-16 page type-page status-publish hentry\"> <div class=\"wrap \"> <div class=\"overlay-wrap\"> <div class=\"image-wrap \"> <img src=\"https:\/\/italian-mosaics.com\/wp-content\/uploads\/2017\/03\/orecchini_f_04-scalia-gallery-justified.jpg\" width=\"440\" height=\"400\" alt=\"\"> <\/div> <div class=\"overlay \"> <a href=\"https:\/\/italian-mosaics.com\/wp-content\/uploads\/2017\/03\/orecchini_f_04.jpg\" class=\"gallery-item-link fancy-gallery\" rel=\"gallery-69e61538694b2\"> <span class=\"slide-info\"> <span class=\"slide-info-title\"> 071M \u2013 orecchini monachella ovali con colore di base bianco e rosa rossa. Disponibili anche nelle forme tonda, goccia e cuore. (cm. 3x1,2) <\/span> <\/span> <\/a> <div class=\"overlay-content\"> <div class=\"overlay-content-center\"> <div class=\"overlay-content-inner\"> <a href=\"https:\/\/italian-mosaics.com\/wp-content\/uploads\/2017\/03\/orecchini_f_04.jpg\" class=\"icon photo \" > <\/a> <div class=\"title\"> 071M \u2013 orecchini monachella ovali con colore di base bianco e rosa rossa. Disponibili anche nelle forme tonda, goccia e cuore. (cm. 3x1,2) <\/div> <\/div> <\/div> <\/div> <\/div> <\/div> <\/div>\n<\/li> <li class=\"gallery-item col-lg-3 col-md-3 col-sm-4 col-xs-6 post-16 page type-page status-publish hentry\"> <div class=\"wrap \"> <div class=\"overlay-wrap\"> <div class=\"image-wrap \"> <img src=\"https:\/\/italian-mosaics.com\/wp-content\/uploads\/2017\/03\/orecchini_f_05-scalia-gallery-justified.jpg\" width=\"440\" height=\"400\" alt=\"\"> <\/div> <div class=\"overlay \"> <a href=\"https:\/\/italian-mosaics.com\/wp-content\/uploads\/2017\/03\/orecchini_f_05.jpg\" class=\"gallery-item-link fancy-gallery\" rel=\"gallery-69e61538694b2\"> <span class=\"slide-info\"> <span class=\"slide-info-title\"> 105M \u2013 orecchini monachella con colore di base rosso e fiori bianchi. Disponibili anche nelle versioni ovale, goccia, cuore e quadra. (cm.2,5x1,2) <\/span> <\/span> <\/a> <div class=\"overlay-content\"> <div class=\"overlay-content-center\"> <div class=\"overlay-content-inner\"> <a href=\"https:\/\/italian-mosaics.com\/wp-content\/uploads\/2017\/03\/orecchini_f_05.jpg\" class=\"icon photo \" > <\/a> <div class=\"title\"> 105M \u2013 orecchini monachella con colore di base rosso e fiori bianchi. Disponibili anche nelle versioni ovale, goccia, cuore e quadra. (cm.2,5x1,2) <\/div> <\/div> <\/div> <\/div> <\/div> <\/div> <\/div>\n<\/li> <li class=\"gallery-item col-lg-3 col-md-3 col-sm-4 col-xs-6 post-16 page type-page status-publish hentry\"> <div class=\"wrap \"> <div class=\"overlay-wrap\"> <div class=\"image-wrap \"> <img src=\"https:\/\/italian-mosaics.com\/wp-content\/uploads\/2017\/03\/orecchini_f_06-scalia-gallery-justified.jpg\" width=\"440\" height=\"400\" alt=\"\"> <\/div> <div class=\"overlay \"> <a href=\"https:\/\/italian-mosaics.com\/wp-content\/uploads\/2017\/03\/orecchini_f_06.jpg\" class=\"gallery-item-link fancy-gallery\" rel=\"gallery-69e61538694b2\"> <span class=\"slide-info\"> <span class=\"slide-info-title\"> 231SM \u2013 orecchini monachella con filigrana, colore di base nero e rose rosa . (cm. 2,9x4,3) <\/span> <\/span> <\/a> <div class=\"overlay-content\"> <div class=\"overlay-content-center\"> <div class=\"overlay-content-inner\"> <a href=\"https:\/\/italian-mosaics.com\/wp-content\/uploads\/2017\/03\/orecchini_f_06.jpg\" class=\"icon photo \" > <\/a> <div class=\"title\"> 231SM \u2013 orecchini monachella con filigrana, colore di base nero e rose rosa . (cm. 2,9x4,3) <\/div> <\/div> <\/div> <\/div> <\/div> <\/div> <\/div>\n<\/li> <li class=\"gallery-item col-lg-3 col-md-3 col-sm-4 col-xs-6 post-16 page type-page status-publish hentry\"> <div class=\"wrap \"> <div class=\"overlay-wrap\"> <div class=\"image-wrap \"> <img src=\"https:\/\/italian-mosaics.com\/wp-content\/uploads\/2017\/03\/orecchini_f_07-scalia-gallery-justified.jpg\" width=\"440\" height=\"400\" alt=\"\"> <\/div> <div class=\"overlay \"> <a href=\"https:\/\/italian-mosaics.com\/wp-content\/uploads\/2017\/03\/orecchini_f_07.jpg\" class=\"gallery-item-link fancy-gallery\" rel=\"gallery-69e61538694b2\"> <span class=\"slide-info\"> <span class=\"slide-info-title\"> 4001 \u2013 orecchini chiodino cuore con colore bordeaux e fiori bianco\/turchese. Disponibili anche nelle forme tonda, ovale, goccia e quadra. (cm.1,1x1,2) <\/span> <\/span> <\/a> <div class=\"overlay-content\"> <div class=\"overlay-content-center\"> <div class=\"overlay-content-inner\"> <a href=\"https:\/\/italian-mosaics.com\/wp-content\/uploads\/2017\/03\/orecchini_f_07.jpg\" class=\"icon photo \" > <\/a> <div class=\"title\"> 4001 \u2013 orecchini chiodino cuore con colore bordeaux e fiori bianco\/turchese. Disponibili anche nelle forme tonda, ovale, goccia e quadra. (cm.1,1x1,2) <\/div> <\/div> <\/div> <\/div> <\/div> <\/div> <\/div>\n<\/li> <li class=\"gallery-item col-lg-3 col-md-3 col-sm-4 col-xs-6 post-16 page type-page status-publish hentry\"> <div class=\"wrap \"> <div class=\"overlay-wrap\"> <div class=\"image-wrap \"> <img src=\"https:\/\/italian-mosaics.com\/wp-content\/uploads\/2017\/03\/orecchini_f_01-scalia-gallery-justified.jpg\" width=\"440\" height=\"400\" alt=\"\"> <\/div> <div class=\"overlay \"> <a href=\"https:\/\/italian-mosaics.com\/wp-content\/uploads\/2017\/03\/orecchini_f_01.jpg\" class=\"gallery-item-link fancy-gallery\" rel=\"gallery-69e61538694b2\"> <span class=\"slide-info\"> <span class=\"slide-info-title\"> 25B \u2013 braccialetto con passanti tondi dorato, con fiori miosotis azzurri. (cm.18,5) <\/span> <\/span> <\/a> <div class=\"overlay-content\"> <div class=\"overlay-content-center\"> <div class=\"overlay-content-inner\"> <a href=\"https:\/\/italian-mosaics.com\/wp-content\/uploads\/2017\/03\/orecchini_f_01.jpg\" class=\"icon photo \" > <\/a> <div class=\"title\"> 25B \u2013 braccialetto con passanti tondi dorato, con fiori miosotis azzurri. (cm.18,5) <\/div> <\/div> <\/div> <\/div> <\/div> <\/div> <\/div>\n<\/li> <\/ul> <\/div> <\/div> <\/div>[\/vc_column][\/vc_row][vc_row full_width=&#8221;stretch_row_content_no_spaces&#8221; css=&#8221;.vc_custom_1488444621934{margin-top: 0px !important;margin-bottom: 0px !important;padding-top: 0px !important;padding-bottom: 0px !important;}&#8221;][vc_column][vc_column_text]<div id=\"metaslider-id-305\" style=\"max-width: 1920px; margin: 0 auto;\" class=\"ml-slider-3-28-3 metaslider metaslider-flex metaslider-305 ml-slider\">\n    <div id=\"metaslider_container_305\">\n        <div id=\"metaslider_305\">\n            <ul aria-live=\"polite\" class=\"slides\">\n                <li style=\"display: block; width: 100%;\" class=\"slide-306 ms-image\"><img src=\"https:\/\/italian-mosaics.com\/wp-content\/uploads\/2017\/03\/sezione-orecchini-e-br.jpg\" height=\"700\" width=\"1920\" alt=\"Filippini &amp; Paoletti | Orecchini &amp; Bracciali\" class=\"slider-305 slide-306\" \/><\/li>\n            <\/ul>\n        <\/div>\n        \n    <\/div>\n<\/div>[\/vc_column_text][\/vc_column][\/vc_row][vc_row][vc_column][vc_column_text]<\/p>\n<h1>Orecchini &amp; Bracciali<\/h1>\n<p>Attualmente il nostro catalogo propone circa 50 tipi di orecchini diversi sia nella forma che nei decori di mosaico, tutti rigorosamente fatti a mano e garantiti made in Italy.  La collezione di orecchini prevede, oltre alla diversa disponibilit\u00e0 di chiusure, ovvero a clips, chiodino o pendente; un assortimento di decorazioni musive per venire incontro a qualsiasi richiesta da parte della nostra clientela italiana ed internazionale.<br \/>\nLa produzione di bracciali si avvale di un assortimento ampio di articoli: dai pi\u00f9 piccoli bracciali per bambina con \u201cmillefiori\u201d di Murano ai pi\u00f9 impegnativi bracciali da signora con decori in  filigrana, in entrambe le soluzioni galvaniche oro e argento. Tutti bracciali della nostra collezione sono assemblati a mano in Italia, a Firenze,  nella nostra bottega artigiana.<\/p>\n<p><strong>STORIA<\/strong>:<br \/>\nLa nostra collezione ebbe il suo inizio con una proposta di orecchini a clips, salvo poi incontrare un grande successo negli anni a seguire, allargando la gamma di produzione  sia nelle versioni a chiodino sia a quelle a monachella.  Attualmente il nostro catalogo propone circa 50 tipi di orecchini diversi sia nella forma che nei decori di mosaico, tutti rigorosamente fatti a mano e garantiti made in Italy.<\/p>\n<p><strong>MATERIALI<\/strong>:<br \/>\nFino dai primi anni della sua attivit\u00e0, noi di  Filippini &#038; Paoletti, abbiamo curato la qualit\u00e0 del vetro per la composizione dei mosaici ed \u00e8 per questo motivo che da sempre abbiamo acquistato gli smalti vetrosi nell\u2019isola veneziana di Murano.<br \/>\nLa brillantezza e la variet\u00e0 di colori che caratterizzano i vetri di Murano usati per i suoi  mosaici dalla Filippini &#038; Paoletti si esalta nella collezione di orecchini e bracciali dedicati all\u2019eleganza e la bellezza per signore. La collezione si avvale di circa dodici colori di base che fanno da sfondo al mosaico floreale che compone l\u2019oggetto.  Il grande assortimento di fiori che caratterizza la nostra migliore peculiarit\u00e0 trova la massima espressione proprio nella composizione dei nostri articoli di bigiotteria.<\/p>\n<p><strong>TIPOLOGIA<\/strong>:<br \/>\nIl metallo usato come supporto alla composizione musiva  \u00e8 l\u2019ottone che viene proposto sia nella versione dorata che in quella argentata.<br \/>\nLa produzione di orecchini prevede, oltre alla differenziata disponibilit\u00e0 di forme, ovale, tondo, goccia e cuore, una sempre diversa composizione di decori musivi. Naturalmente le diverse dimensioni degli articoli permettono diverse composizioni floreali, pi\u00f9 grande \u00e8 il castone e pi\u00f9 il mosaicista potr\u00e0 assortire fiori e colori in composizioni sempre originali e sempre uniche perch\u00e9 sempre fatte completamente a mano.  Oltre all\u2019apprezzatissima composizione detta \u201c bouquet\u201d, un  mazzolino di fiori assortiti, i fiori che fanno parte del nostro assortimento sono: rose, margherite, dalie, miosotis, lilium, tulipani. Tutti in diverse combinazioni di colori e  tutti \u201cfilati\u201d dai nostri maestri vetrai nella nostra sede in Firenze.[\/vc_column_text][\/vc_column][\/vc_row][vc_row][vc_column]<div class=\"preloader\"><\/div>\n<div class=\"gallery-preloader-wrapper\"> <div class=\"row\"> <div class=\"sc-gallery-grid col-lg-12 col-md-12 col-sm-12 columns-4 hover-default\" data-hover=\"default\"> <ul class=\"gallery-set col-lg-12 col-md-12 col-sm-12 clearfix \"> <li class=\"gallery-item col-lg-3 col-md-3 col-sm-4 col-xs-6 post-16 page type-page status-publish hentry\"> <div class=\"wrap \"> <div class=\"overlay-wrap\"> <div class=\"image-wrap \"> <img src=\"https:\/\/italian-mosaics.com\/wp-content\/uploads\/2017\/03\/orecchini_f_02-scalia-gallery-justified.jpg\" width=\"440\" height=\"400\" alt=\"\"> <\/div> <div class=\"overlay \"> <a href=\"https:\/\/italian-mosaics.com\/wp-content\/uploads\/2017\/03\/orecchini_f_02.jpg\" class=\"gallery-item-link fancy-gallery\" rel=\"gallery-69e6153880d83\"> <span class=\"slide-info\"> <span class=\"slide-info-title\"> 27B \u2013 braccialetto a cuore argentato in colore rosso con fiori miosotis rosa angelo. (cm. 19,5) <\/span> <\/span> <\/a> <div class=\"overlay-content\"> <div class=\"overlay-content-center\"> <div class=\"overlay-content-inner\"> <a href=\"https:\/\/italian-mosaics.com\/wp-content\/uploads\/2017\/03\/orecchini_f_02.jpg\" class=\"icon photo \" > <\/a> <div class=\"title\"> 27B \u2013 braccialetto a cuore argentato in colore rosso con fiori miosotis rosa angelo. (cm. 19,5) <\/div> <\/div> <\/div> <\/div> <\/div> <\/div> <\/div>\n<\/li> <li class=\"gallery-item col-lg-3 col-md-3 col-sm-4 col-xs-6 post-16 page type-page status-publish hentry\"> <div class=\"wrap \"> <div class=\"overlay-wrap\"> <div class=\"image-wrap \"> <img src=\"https:\/\/italian-mosaics.com\/wp-content\/uploads\/2017\/03\/orecchini_f_03-scalia-gallery-justified.jpg\" width=\"440\" height=\"400\" alt=\"\"> <\/div> <div class=\"overlay \"> <a href=\"https:\/\/italian-mosaics.com\/wp-content\/uploads\/2017\/03\/orecchini_f_03.jpg\" class=\"gallery-item-link fancy-gallery\" rel=\"gallery-69e6153880d83\"> <span class=\"slide-info\"> <span class=\"slide-info-title\"> 040C \u2013 orecchini chiodino ovali con pendente goccia con colori di base bianco e fiori miosotis rosa (cm. 4X1,3) <\/span> <\/span> <\/a> <div class=\"overlay-content\"> <div class=\"overlay-content-center\"> <div class=\"overlay-content-inner\"> <a href=\"https:\/\/italian-mosaics.com\/wp-content\/uploads\/2017\/03\/orecchini_f_03.jpg\" class=\"icon photo \" > <\/a> <div class=\"title\"> 040C \u2013 orecchini chiodino ovali con pendente goccia con colori di base bianco e fiori miosotis rosa (cm. 4X1,3) <\/div> <\/div> <\/div> <\/div> <\/div> <\/div> <\/div>\n<\/li> <li class=\"gallery-item col-lg-3 col-md-3 col-sm-4 col-xs-6 post-16 page type-page status-publish hentry\"> <div class=\"wrap \"> <div class=\"overlay-wrap\"> <div class=\"image-wrap \"> <img src=\"https:\/\/italian-mosaics.com\/wp-content\/uploads\/2017\/03\/orecchini_f_04-scalia-gallery-justified.jpg\" width=\"440\" height=\"400\" alt=\"\"> <\/div> <div class=\"overlay \"> <a href=\"https:\/\/italian-mosaics.com\/wp-content\/uploads\/2017\/03\/orecchini_f_04.jpg\" class=\"gallery-item-link fancy-gallery\" rel=\"gallery-69e6153880d83\"> <span class=\"slide-info\"> <span class=\"slide-info-title\"> 071M \u2013 orecchini monachella ovali con colore di base bianco e rosa rossa. Disponibili anche nelle forme tonda, goccia e cuore. (cm. 3x1,2) <\/span> <\/span> <\/a> <div class=\"overlay-content\"> <div class=\"overlay-content-center\"> <div class=\"overlay-content-inner\"> <a href=\"https:\/\/italian-mosaics.com\/wp-content\/uploads\/2017\/03\/orecchini_f_04.jpg\" class=\"icon photo \" > <\/a> <div class=\"title\"> 071M \u2013 orecchini monachella ovali con colore di base bianco e rosa rossa. Disponibili anche nelle forme tonda, goccia e cuore. (cm. 3x1,2) <\/div> <\/div> <\/div> <\/div> <\/div> <\/div> <\/div>\n<\/li> <li class=\"gallery-item col-lg-3 col-md-3 col-sm-4 col-xs-6 post-16 page type-page status-publish hentry\"> <div class=\"wrap \"> <div class=\"overlay-wrap\"> <div class=\"image-wrap \"> <img src=\"https:\/\/italian-mosaics.com\/wp-content\/uploads\/2017\/03\/orecchini_f_05-scalia-gallery-justified.jpg\" width=\"440\" height=\"400\" alt=\"\"> <\/div> <div class=\"overlay \"> <a href=\"https:\/\/italian-mosaics.com\/wp-content\/uploads\/2017\/03\/orecchini_f_05.jpg\" class=\"gallery-item-link fancy-gallery\" rel=\"gallery-69e6153880d83\"> <span class=\"slide-info\"> <span class=\"slide-info-title\"> 105M \u2013 orecchini monachella con colore di base rosso e fiori bianchi. Disponibili anche nelle versioni ovale, goccia, cuore e quadra. (cm.2,5x1,2) <\/span> <\/span> <\/a> <div class=\"overlay-content\"> <div class=\"overlay-content-center\"> <div class=\"overlay-content-inner\"> <a href=\"https:\/\/italian-mosaics.com\/wp-content\/uploads\/2017\/03\/orecchini_f_05.jpg\" class=\"icon photo \" > <\/a> <div class=\"title\"> 105M \u2013 orecchini monachella con colore di base rosso e fiori bianchi. Disponibili anche nelle versioni ovale, goccia, cuore e quadra. (cm.2,5x1,2) <\/div> <\/div> <\/div> <\/div> <\/div> <\/div> <\/div>\n<\/li> <li class=\"gallery-item col-lg-3 col-md-3 col-sm-4 col-xs-6 post-16 page type-page status-publish hentry\"> <div class=\"wrap \"> <div class=\"overlay-wrap\"> <div class=\"image-wrap \"> <img src=\"https:\/\/italian-mosaics.com\/wp-content\/uploads\/2017\/03\/orecchini_f_06-scalia-gallery-justified.jpg\" width=\"440\" height=\"400\" alt=\"\"> <\/div> <div class=\"overlay \"> <a href=\"https:\/\/italian-mosaics.com\/wp-content\/uploads\/2017\/03\/orecchini_f_06.jpg\" class=\"gallery-item-link fancy-gallery\" rel=\"gallery-69e6153880d83\"> <span class=\"slide-info\"> <span class=\"slide-info-title\"> 231SM \u2013 orecchini monachella con filigrana, colore di base nero e rose rosa . (cm. 2,9x4,3) <\/span> <\/span> <\/a> <div class=\"overlay-content\"> <div class=\"overlay-content-center\"> <div class=\"overlay-content-inner\"> <a href=\"https:\/\/italian-mosaics.com\/wp-content\/uploads\/2017\/03\/orecchini_f_06.jpg\" class=\"icon photo \" > <\/a> <div class=\"title\"> 231SM \u2013 orecchini monachella con filigrana, colore di base nero e rose rosa . (cm. 2,9x4,3) <\/div> <\/div> <\/div> <\/div> <\/div> <\/div> <\/div>\n<\/li> <li class=\"gallery-item col-lg-3 col-md-3 col-sm-4 col-xs-6 post-16 page type-page status-publish hentry\"> <div class=\"wrap \"> <div class=\"overlay-wrap\"> <div class=\"image-wrap \"> <img src=\"https:\/\/italian-mosaics.com\/wp-content\/uploads\/2017\/03\/orecchini_f_07-scalia-gallery-justified.jpg\" width=\"440\" height=\"400\" alt=\"\"> <\/div> <div class=\"overlay \"> <a href=\"https:\/\/italian-mosaics.com\/wp-content\/uploads\/2017\/03\/orecchini_f_07.jpg\" class=\"gallery-item-link fancy-gallery\" rel=\"gallery-69e6153880d83\"> <span class=\"slide-info\"> <span class=\"slide-info-title\"> 4001 \u2013 orecchini chiodino cuore con colore bordeaux e fiori bianco\/turchese. Disponibili anche nelle forme tonda, ovale, goccia e quadra. (cm.1,1x1,2) <\/span> <\/span> <\/a> <div class=\"overlay-content\"> <div class=\"overlay-content-center\"> <div class=\"overlay-content-inner\"> <a href=\"https:\/\/italian-mosaics.com\/wp-content\/uploads\/2017\/03\/orecchini_f_07.jpg\" class=\"icon photo \" > <\/a> <div class=\"title\"> 4001 \u2013 orecchini chiodino cuore con colore bordeaux e fiori bianco\/turchese. Disponibili anche nelle forme tonda, ovale, goccia e quadra. (cm.1,1x1,2) <\/div> <\/div> <\/div> <\/div> <\/div> <\/div> <\/div>\n<\/li> <li class=\"gallery-item col-lg-3 col-md-3 col-sm-4 col-xs-6 post-16 page type-page status-publish hentry\"> <div class=\"wrap \"> <div class=\"overlay-wrap\"> <div class=\"image-wrap \"> <img src=\"https:\/\/italian-mosaics.com\/wp-content\/uploads\/2017\/03\/orecchini_f_01-scalia-gallery-justified.jpg\" width=\"440\" height=\"400\" alt=\"\"> <\/div> <div class=\"overlay \"> <a href=\"https:\/\/italian-mosaics.com\/wp-content\/uploads\/2017\/03\/orecchini_f_01.jpg\" class=\"gallery-item-link fancy-gallery\" rel=\"gallery-69e6153880d83\"> <span class=\"slide-info\"> <span class=\"slide-info-title\"> 25B \u2013 braccialetto con passanti tondi dorato, con fiori miosotis azzurri. (cm.18,5) <\/span> <\/span> <\/a> <div class=\"overlay-content\"> <div class=\"overlay-content-center\"> <div class=\"overlay-content-inner\"> <a href=\"https:\/\/italian-mosaics.com\/wp-content\/uploads\/2017\/03\/orecchini_f_01.jpg\" class=\"icon photo \" > <\/a> <div class=\"title\"> 25B \u2013 braccialetto con passanti tondi dorato, con fiori miosotis azzurri. (cm.18,5) <\/div> <\/div> <\/div> <\/div> <\/div> <\/div> <\/div>\n<\/li> <\/ul> <\/div> <\/div> <\/div>[\/vc_column][\/vc_row]<\/p>\n<\/section>","protected":false},"excerpt":{"rendered":"<p>[vc_row full_width=&#8221;stretch_row_content_no_spaces&#8221; css=&#8221;.vc_custom_1488444621934{margin-top: 0px !important;margin-bottom: 0px !important;padding-top: 0px !important;padding-bottom: 0px !important;}&#8221;][vc_column][vc_column_text][\/vc_column_text][\/vc_column][\/vc_row][vc_row][vc_column][vc_column_text] Orecchini &amp; Bracciali Attualmente il nostro catalogo propone circa&#8230;<\/p>\n","protected":false},"author":1,"featured_media":0,"parent":12,"menu_order":0,"comment_status":"closed","ping_status":"closed","template":"","meta":[],"aioseo_notices":[],"amp_enabled":true,"_links":{"self":[{"href":"https:\/\/italian-mosaics.com\/it\/wp-json\/wp\/v2\/pages\/16"}],"collection":[{"href":"https:\/\/italian-mosaics.com\/it\/wp-json\/wp\/v2\/pages"}],"about":[{"href":"https:\/\/italian-mosaics.com\/it\/wp-json\/wp\/v2\/types\/page"}],"author":[{"embeddable":true,"href":"https:\/\/italian-mosaics.com\/it\/wp-json\/wp\/v2\/users\/1"}],"replies":[{"embeddable":true,"href":"https:\/\/italian-mosaics.com\/it\/wp-json\/wp\/v2\/comments?post=16"}],"version-history":[{"count":5,"href":"https:\/\/italian-mosaics.com\/it\/wp-json\/wp\/v2\/pages\/16\/revisions"}],"predecessor-version":[{"id":416,"href":"https:\/\/italian-mosaics.com\/it\/wp-json\/wp\/v2\/pages\/16\/revisions\/416"}],"up":[{"embeddable":true,"href":"https:\/\/italian-mosaics.com\/it\/wp-json\/wp\/v2\/pages\/12"}],"wp:attachment":[{"href":"https:\/\/italian-mosaics.com\/it\/wp-json\/wp\/v2\/media?parent=16"}],"curies":[{"name":"wp","href":"https:\/\/api.w.org\/{rel}","templated":true}]}}